{"id":9772,"date":"2020-05-23T11:08:53","date_gmt":"2020-05-23T11:08:53","guid":{"rendered":"https:\/\/www.cabosalcoi.com\/quieres-asociarte\/"},"modified":"2021-02-03T13:17:51","modified_gmt":"2021-02-03T13:17:51","slug":"vols-associar-te","status":"publish","type":"page","link":"https:\/\/www.cabosalcoi.com\/ca\/vols-associar-te\/","title":{"rendered":"Vols Associar-te?"},"content":{"rendered":"<p>[vc_row overflow=&#8221;default&#8221; css=&#8221;.vc_custom_1590860386298{margin-top: 80px !important;margin-bottom: 80px !important;}&#8221;][vc_column width=&#8221;2\/3&#8243;]\r\n\r\n\t<div class=\"sh-heading sh-heading-style1\" id=\"heading-jR946QWP5o\">\r\n\t\t<h1 class=\"sh-heading-content size-default\">\r\n\t\t\t<\/span>\n<span style=\"text-align: center;\">Vols Associar-te?<\/span>\n<span>\t\t<\/h1>\r\n\t<\/div>\r\n\r\n            <style type=\"text\/css\">\r\n                #heading-jR946QWP5o .sh-heading-content {font-weight: 400!important;}            <\/style>\r\n        [vc_empty_space height=&#8221;80px&#8221;]\r\n            <style media=\"screen\">\r\n                                #cf7-8739 label {\r\n                    \r\n                    \r\n                                            font-weight: !important;\r\n                    \r\n                                    }\r\n\r\n\r\n\r\n\r\n                                #cf7-8739 input:not([type=\"submit\"]),\r\n                #cf7-8739 select,\r\n                #cf7-8739 textarea,\r\n                #cf7-8739 .SumoSelect > .CaptionCont {\r\n                    \r\n                    \r\n                    \r\n                    \r\n                    \r\n                    \r\n                    transition: 0.3s all ease-in-out;\r\n                }\r\n\r\n\r\n                #cf7-8739 input:not([type=\"submit\"]):hover,\r\n                #cf7-8739 select:hover,\r\n                #cf7-8739 textarea:hover {\r\n                    \r\n                    \r\n                                    }\r\n\r\n\r\n                #cf7-8739 input:not([type=\"submit\"]):focus,\r\n                #cf7-8739 select:focus,\r\n                #cf7-8739 textarea:focus {\r\n                    \r\n                    \r\n                                    }\r\n\r\n\r\n                \r\n\r\n                \r\n                \r\n\r\n\r\n\r\n                                #cf7-8739 .wpcf7-submit {\r\n\r\n                    \r\n                    \r\n                    \r\n                    \r\n                    \r\n                    \r\n                    \r\n                                    }\r\n\r\n\r\n                            <\/style>\r\n\r\n\r\n            <div id=\"cf7-8739\" class=\"sh-cf7 sh-cf7-wpbakery sh-cf7-style1 sh-cf7-layout-default \">\r\n                <div role=\"form\" class=\"wpcf7\" id=\"wpcf7-f8739-o1\" lang=\"es-ES\" dir=\"ltr\">\n<div class=\"screen-reader-response\"><p role=\"status\" aria-live=\"polite\" aria-atomic=\"true\"><\/p> <ul><\/ul><\/div>\n<form action=\"\/ca\/wp-json\/wp\/v2\/pages\/9772#wpcf7-f8739-o1\" method=\"post\" class=\"wpcf7-form init\" novalidate=\"novalidate\" data-status=\"init\">\n<div style=\"display: none;\">\n<input type=\"hidden\" name=\"_wpcf7\" value=\"8739\" \/>\n<input type=\"hidden\" name=\"_wpcf7_version\" value=\"5.5.6\" \/>\n<input type=\"hidden\" name=\"_wpcf7_locale\" value=\"es_ES\" \/>\n<input type=\"hidden\" name=\"_wpcf7_unit_tag\" value=\"wpcf7-f8739-o1\" \/>\n<input type=\"hidden\" name=\"_wpcf7_container_post\" value=\"0\" \/>\n<input type=\"hidden\" name=\"_wpcf7_posted_data_hash\" value=\"\" \/>\n<\/div>\n<p><label> Tu nombre y Apellidos (obligatorio)<br \/>\n    <span class=\"wpcf7-form-control-wrap your-name\"><input type=\"text\" name=\"your-name\" value=\"\" size=\"40\" class=\"wpcf7-form-control wpcf7-text wpcf7-validates-as-required\" aria-required=\"true\" aria-invalid=\"false\" \/><\/span> <\/label><\/p>\n<p><label> Tu correo electr\u00f3nico (obligatorio)<br \/>\n    <span class=\"wpcf7-form-control-wrap your-email\"><input type=\"email\" name=\"your-email\" value=\"\" size=\"40\" class=\"wpcf7-form-control wpcf7-text wpcf7-email wpcf7-validates-as-required wpcf7-validates-as-email\" aria-required=\"true\" aria-invalid=\"false\" \/><\/span> <\/label><\/p>\n<p><label> Tu mensaje<br \/>\n    <span class=\"wpcf7-form-control-wrap your-message\"><textarea name=\"your-message\" cols=\"40\" rows=\"10\" class=\"wpcf7-form-control wpcf7-textarea\" aria-invalid=\"false\"><\/textarea><\/span> <\/label><\/p>\n<p><span class=\"wpcf7-form-control-wrap checkbox-270\"><span class=\"wpcf7-form-control wpcf7-checkbox wpcf7-validates-as-required\"><span class=\"wpcf7-list-item first last\"><input type=\"checkbox\" name=\"checkbox-270[]\" value=\"Acepto la pol\u00edtica de privacidad\" \/><span class=\"wpcf7-list-item-label\">Acepto la pol\u00edtica de privacidad<\/span><\/span><\/span><\/span><\/p>\n<p><input type=\"submit\" value=\"Enviar\" class=\"wpcf7-form-control has-spinner wpcf7-submit\" \/><\/p>\n<div class=\"wpcf7-response-output\" aria-hidden=\"true\"><\/div><\/form><\/div>            <\/div>\r\n\r\n        [vc_empty_space height=&#8221;80px&#8221;][vc_column_text]Com a responsables de www.cabosalcoi.com t&#8217;avisem que les dades de car\u00e0cter personal que ens facilites completant el present formulari seran usats per l&#8217;associaci\u00f3 Caps Caps d`escuadra Alcoi com a encarregats d&#8217;este lloc web.<\/p>\n<ul>\n<li><strong>Finalitat de l&#8217;arreplega i tractament de les dades personals: tramitar la sol\u00b7licitud que efect\u00faas en este formulari de contacte.<\/strong><\/li>\n<li><strong>Legitimaci\u00f3: Consentiment de l&#8217;interessat.<\/strong><\/li>\n<li><strong>Destinataris: Nicalia Internet, S.L.U (prove\u00efdor d&#8217;hosting) dins de la UE. Ver pol\u00edtica de privacitat de Nicalia.Vore <a href=\"https:\/\/www.nicalia.com\/nosotros\/politica-privacidad\" rel=\"nofollow\">pol\u00edtica de privacidad de Nicalia<\/a>.<\/strong><\/li>\n<\/ul>\n<p>Podr\u00e0s exercir els teus drets d&#8217;acc\u00e9s, rectificaci\u00f3, limitaci\u00f3 i suprimir les dades en info\\@cabosalcoi.com aix\u00ed com el dret a presentar una sol\u00b7licitud davant de l&#8217;autoridad. Puedes consultar informaci\u00f3 addicional i detallada sobre Protecci\u00f3 de Dades en la nostra p\u00e0gina web: www.cabosalcoi.com, aix\u00ed com consultar la nostra <a href=\"https:\/\/cabosalcoi.compolitica-de-privacidad-y-cookies\/\" rel=\"nofollow\">pol\u00edtica de privacidad<\/a>.<\/p>\n<p><span class=\"m_-6233042648582723833user-highlighted-active\">L&#8217;interesat <strong>otorga el seu consentimiento<\/strong> para el tractament de les seues dades personals amb la finalitat anteriorment mencionada.<\/span>[\/vc_column_text][\/vc_column][vc_column width=&#8221;1\/3&#8243; overflow=&#8221;default&#8221; css=&#8221;.vc_custom_1590860515565{margin-top: 160px !important;margin-left: 50px !important;}&#8221;][vc_column_text]<\/p>\n<h3 class=\"widget-title\">Contacte<\/h3>\n<div class=\"sh-contacts-widget-item\"><i class=\"icon-phone\"><\/i>+34 615 66 46 00<\/div>\n<div class=\"sh-contacts-widget-item\"><i class=\"icon-envelope\"><\/i>info@cabosalcoi.com<\/div>\n<div class=\"sh-contacts-widget-item\"><\/div>\n<p>[\/vc_column_text][\/vc_column][\/vc_row]<\/p>\n","protected":false},"excerpt":{"rendered":"<p>[vc_row overflow=&#8221;default&#8221; css=&#8221;.vc_custom_1590860386298{margin-top: 80px !important;margin-bottom: 80px !important;}&#8221;][vc_column width=&#8221;2\/3&#8243;] Vols Associar-te? [vc_empty_space height=&#8221;80px&#8221;] Tu nombre y Apellidos (obligatorio) Tu correo electr\u00f3nico (obligatorio) Tu mensaje Acepto la pol\u00edtica de privacidad [vc_empty_space height=&#8221;80px&#8221;][vc_column_text]Com a responsables de www.cabosalcoi.com t&#8217;avisem que les dades de car\u00e0cter personal que ens facilites completant&#8230;<\/p>\n","protected":false},"author":3,"featured_media":0,"parent":0,"menu_order":0,"comment_status":"closed","ping_status":"closed","template":"","meta":[],"_links":{"self":[{"href":"https:\/\/www.cabosalcoi.com\/ca\/wp-json\/wp\/v2\/pages\/9772"}],"collection":[{"href":"https:\/\/www.cabosalcoi.com\/ca\/wp-json\/wp\/v2\/pages"}],"about":[{"href":"https:\/\/www.cabosalcoi.com\/ca\/wp-json\/wp\/v2\/types\/page"}],"author":[{"embeddable":true,"href":"https:\/\/www.cabosalcoi.com\/ca\/wp-json\/wp\/v2\/users\/3"}],"replies":[{"embeddable":true,"href":"https:\/\/www.cabosalcoi.com\/ca\/wp-json\/wp\/v2\/comments?post=9772"}],"version-history":[{"count":4,"href":"https:\/\/www.cabosalcoi.com\/ca\/wp-json\/wp\/v2\/pages\/9772\/revisions"}],"predecessor-version":[{"id":9779,"href":"https:\/\/www.cabosalcoi.com\/ca\/wp-json\/wp\/v2\/pages\/9772\/revisions\/9779"}],"wp:attachment":[{"href":"https:\/\/www.cabosalcoi.com\/ca\/wp-json\/wp\/v2\/media?parent=9772"}],"curies":[{"name":"wp","href":"https:\/\/api.w.org\/{rel}","templated":true}]}}